{"id":441,"date":"2024-06-23T01:48:48","date_gmt":"2024-06-22T23:48:48","guid":{"rendered":"http:\/\/www.svamberk.cz\/?page_id=441"},"modified":"2025-02-14T20:10:38","modified_gmt":"2025-02-14T19:10:38","slug":"bezobsluzny-rezim-24-7","status":"publish","type":"page","link":"https:\/\/www.svamberk.cz\/?page_id=441","title":{"rendered":"Bezobslu\u017en\u00fd re\u017eim 24\/7"},"content":{"rendered":"\n<p><a href=\"http:\/\/www.svamberk.cz\/?page_id=435\" data-type=\"page\" data-id=\"435\" target=\"_blank\" rel=\"noreferrer noopener\">V\u0161eobecn\u00e9 obchodn\u00ed podm\u00ednky pro provoz prodejny v&nbsp;bezobslu\u017en\u00e9m re\u017eimu<\/a><\/p>\n\n\n\n<p>N\u00e1vod:<\/p>\n\n\n\n<figure class=\"wp-block-image size-full\"><img fetchpriority=\"high\" decoding=\"async\" width=\"558\" height=\"774\" src=\"http:\/\/www.svamberk.cz\/wp-content\/uploads\/2024\/06\/navod_24-7.jpg\" alt=\"\" class=\"wp-image-447\"\/><\/figure>\n\n\n\n<p><\/p>\n\n\n\n<p>Projet je spolufinancov\u00e1n <strong>Evropskou uni\u00ed<\/strong><\/p>\n\n\n\n<figure class=\"wp-block-image size-full\"><img decoding=\"async\" width=\"1272\" height=\"898\" src=\"http:\/\/www.svamberk.cz\/wp-content\/uploads\/2024\/11\/2411150822-a3horizontal.jpg\" alt=\"\" class=\"wp-image-460\" style=\"aspect-ratio:4\/3;object-fit:contain\"\/><\/figure>\n\n\n\n<figure class=\"wp-block-embed is-type-video is-provider-youtube wp-block-embed-youtube wp-embed-aspect-16-9 wp-has-aspect-ratio\"><div class=\"wp-block-embed__wrapper\">\n<iframe title=\"Obchod 24\/7 Ho\u0159ice v Podkrkono\u0161\u00ed\" width=\"525\" height=\"295\" src=\"https:\/\/www.youtube.com\/embed\/buicni3jYDo?feature=oembed\" frameborder=\"0\" allow=\"accelerometer; autoplay; clipboard-write; encrypted-media; gyroscope; picture-in-picture; web-share\" referrerpolicy=\"strict-origin-when-cross-origin\" allowfullscreen><\/iframe>\n<\/div><\/figure>\n","protected":false},"excerpt":{"rendered":"<p>V\u0161eobecn\u00e9 obchodn\u00ed podm\u00ednky pro provoz prodejny v&nbsp;bezobslu\u017en\u00e9m re\u017eimu N\u00e1vod: Projet je spolufinancov\u00e1n Evropskou uni\u00ed<\/p>\n","protected":false},"author":1,"featured_media":0,"parent":0,"menu_order":0,"comment_status":"closed","ping_status":"closed","template":"","meta":{"footnotes":""},"class_list":["post-441","page","type-page","status-publish","hentry"],"_links":{"self":[{"href":"https:\/\/www.svamberk.cz\/index.php?rest_route=\/wp\/v2\/pages\/441","targetHints":{"allow":["GET"]}}],"collection":[{"href":"https:\/\/www.svamberk.cz\/index.php?rest_route=\/wp\/v2\/pages"}],"about":[{"href":"https:\/\/www.svamberk.cz\/index.php?rest_route=\/wp\/v2\/types\/page"}],"author":[{"embeddable":true,"href":"https:\/\/www.svamberk.cz\/index.php?rest_route=\/wp\/v2\/users\/1"}],"replies":[{"embeddable":true,"href":"https:\/\/www.svamberk.cz\/index.php?rest_route=%2Fwp%2Fv2%2Fcomments&post=441"}],"version-history":[{"count":8,"href":"https:\/\/www.svamberk.cz\/index.php?rest_route=\/wp\/v2\/pages\/441\/revisions"}],"predecessor-version":[{"id":478,"href":"https:\/\/www.svamberk.cz\/index.php?rest_route=\/wp\/v2\/pages\/441\/revisions\/478"}],"wp:attachment":[{"href":"https:\/\/www.svamberk.cz\/index.php?rest_route=%2Fwp%2Fv2%2Fmedia&parent=441"}],"curies":[{"name":"wp","href":"https:\/\/api.w.org\/{rel}","templated":true}]}}