{"id":15,"date":"2023-11-24T08:26:20","date_gmt":"2023-11-24T07:26:20","guid":{"rendered":"http:\/\/www.svamberk.cz\/?page_id=15"},"modified":"2024-06-23T01:31:20","modified_gmt":"2024-06-22T23:31:20","slug":"o-nas","status":"publish","type":"page","link":"https:\/\/www.svamberk.cz\/?page_id=15","title":{"rendered":"O n\u00e1s"},"content":{"rendered":"\n<p>Jsme rodinn\u00e1 firma provozuj\u00edc\u00ed \u0161irokosortimentn\u00ed prodejnu potravin a \u0159emeslnou pek\u00e1rnu s tradic\u00ed.<\/p>\n\n\n\n<p>Naleznete n\u00e1s na centr\u00e1ln\u00edm n\u00e1m\u011bst\u00ed Ji\u0159\u00edho z Pod\u011bbrad v Ho\u0159ic\u00edch v Podkrkono\u0161\u00ed.<\/p>\n\n\n\n<p>Maloobchodn\u00edm prodejem potravin se zab\u00fdv\u00e1me ji\u017e v\u00edce jak t\u0159icet let. V\u00fdrobou pe\u010diva pak od roku 2007. N\u00e1mi provozovan\u00e9 prodejny v\u017edy pat\u0159ily k\u00a0nejl\u00e9pe hodnocen\u00fdm maloobchodn\u00edm prodejn\u00e1m v\u00a0\u010cR. <\/p>\n\n\n\n<p>Jsme \u010dleny \u010desk\u00e9 s\u00edt\u011b nez\u00e1visl\u00fdch maloobchodn\u00edk\u016f Eso Market.<\/p>\n\n\n\n<p>Za nejv\u011bt\u0161\u00ed hodnotu na\u0161\u00ed spole\u010dnosti pova\u017eujeme na\u0161e zam\u011bstnance. V\u00e1\u017e\u00edme si jejich pr\u00e1ce a da\u0159\u00ed se n\u00e1m ji\u017e del\u0161\u00ed dobu udr\u017eovat stabiln\u00ed t\u00fdm, kter\u00fd v\u00e1s s ochotou a \u00fasm\u011bvem u na\u0161ich pult\u016f obsluhuje.<\/p>\n\n\n\n<p>D\u011bkujeme za va\u0161i p\u0159\u00edze\u0148!<\/p>\n","protected":false},"excerpt":{"rendered":"<p>Jsme rodinn\u00e1 firma provozuj\u00edc\u00ed \u0161irokosortimentn\u00ed prodejnu potravin a \u0159emeslnou pek\u00e1rnu s tradic\u00ed. Naleznete n\u00e1s na centr\u00e1ln\u00edm n\u00e1m\u011bst\u00ed Ji\u0159\u00edho z Pod\u011bbrad v Ho\u0159ic\u00edch v Podkrkono\u0161\u00ed. Maloobchodn\u00edm prodejem potravin se zab\u00fdv\u00e1me ji\u017e v\u00edce jak t\u0159icet let. V\u00fdrobou pe\u010diva pak od roku 2007. N\u00e1mi provozovan\u00e9 prodejny v\u017edy pat\u0159ily k\u00a0nejl\u00e9pe hodnocen\u00fdm maloobchodn\u00edm prodejn\u00e1m v\u00a0\u010cR. Jsme \u010dleny \u010desk\u00e9 s\u00edt\u011b nez\u00e1visl\u00fdch &hellip; <\/p>\n<p class=\"link-more\"><a href=\"https:\/\/www.svamberk.cz\/?page_id=15\" class=\"more-link\">Pokra\u010dovat ve \u010dten\u00ed<span class=\"screen-reader-text\"> &#8222;O n\u00e1s&#8220;<\/span><\/a><\/p>\n","protected":false},"author":1,"featured_media":429,"parent":0,"menu_order":0,"comment_status":"closed","ping_status":"closed","template":"","meta":{"footnotes":""},"class_list":["post-15","page","type-page","status-publish","has-post-thumbnail","hentry"],"_links":{"self":[{"href":"https:\/\/www.svamberk.cz\/index.php?rest_route=\/wp\/v2\/pages\/15","targetHints":{"allow":["GET"]}}],"collection":[{"href":"https:\/\/www.svamberk.cz\/index.php?rest_route=\/wp\/v2\/pages"}],"about":[{"href":"https:\/\/www.svamberk.cz\/index.php?rest_route=\/wp\/v2\/types\/page"}],"author":[{"embeddable":true,"href":"https:\/\/www.svamberk.cz\/index.php?rest_route=\/wp\/v2\/users\/1"}],"replies":[{"embeddable":true,"href":"https:\/\/www.svamberk.cz\/index.php?rest_route=%2Fwp%2Fv2%2Fcomments&post=15"}],"version-history":[{"count":7,"href":"https:\/\/www.svamberk.cz\/index.php?rest_route=\/wp\/v2\/pages\/15\/revisions"}],"predecessor-version":[{"id":333,"href":"https:\/\/www.svamberk.cz\/index.php?rest_route=\/wp\/v2\/pages\/15\/revisions\/333"}],"wp:featuredmedia":[{"embeddable":true,"href":"https:\/\/www.svamberk.cz\/index.php?rest_route=\/wp\/v2\/media\/429"}],"wp:attachment":[{"href":"https:\/\/www.svamberk.cz\/index.php?rest_route=%2Fwp%2Fv2%2Fmedia&parent=15"}],"curies":[{"name":"wp","href":"https:\/\/api.w.org\/{rel}","templated":true}]}}