{"id":2,"date":"2023-11-23T03:16:35","date_gmt":"2023-11-23T02:16:35","guid":{"rendered":"http:\/\/www.svamberk.cz\/?page_id=2"},"modified":"2023-12-10T21:15:25","modified_gmt":"2023-12-10T20:15:25","slug":"zkusebni-stranka","status":"publish","type":"page","link":"http:\/\/www.svamberk.cz\/?page_id=2","title":{"rendered":"Pek\u00e1rna"},"content":{"rendered":"\n<p>Pe\u010deme pro v\u00e1s pe\u010divo nejvy\u0161\u0161\u00ed kvality. Pou\u017e\u00edv\u00e1me stroje, ale st\u00e1le z\u016fst\u00e1v\u00e1 velk\u00fd pod\u00edl poctiv\u00e9 \u0159emesln\u00e9 pr\u00e1ce. <\/p>\n\n\n\n<p>Na\u0161e pe\u010divo je v\u017edy \u010derstv\u011b upe\u010den\u00e9. Na\u0161e motto je: Ostatn\u00ed rozmrazuj\u00ed, my pe\u010deme! <\/p>\n\n\n\n<p>Pe\u010deme osm druh\u016f chleba. Ve v\u011bt\u0161in\u011b z nich je obsa\u017eena \u017eitn\u00e1 mouka. Chl\u00e9b je d\u00edky tomu vl\u00e1\u010dn\u011bj\u0161\u00ed a d\u00e9le vydr\u017e\u00ed. Pokud si koup\u00edte n\u00e1\u0161 <a href=\"http:\/\/www.svamberk.cz\/?p=23\" target=\"_blank\" rel=\"noreferrer noopener\">\u017eitn\u00fd chl\u00e9b<\/a>, je opravdu pouze z \u017eitn\u00e9 mouky (pro spln\u011bn\u00ed normy sta\u010d\u00ed 90%) a takov\u00fd chl\u00e9b v\u00e1m v p\u0159\u00edpad\u011b pot\u0159eby vydr\u017e\u00ed a\u017e t\u0159i t\u00fddny (pravda je, \u017ee my to nezkou\u0161eli, ale \u0159\u00edkali n\u00e1m to horolezci, kte\u0159\u00ed s na\u0161\u00edm \u017eitn\u00fdm chlebem vyr\u00e1\u017eej\u00ed na dlouh\u00e9 expedice).<br>Na\u0161i posledn\u00ed novinkou je <a href=\"http:\/\/www.svamberk.cz\/?p=249\" target=\"_blank\" rel=\"noreferrer noopener\">\u0161paldov\u00fd chl\u00e9b<\/a> &#8211; ochutnejte, ale pozor, u\u017e nebudete cht\u00edt jin\u00fd.<\/p>\n\n\n\n<p>V sortimentu b\u011b\u017en\u00e9ho pe\u010diva jsme p\u0159evzali stoletou tradici pe\u010den\u00ed vynikaj\u00edc\u00edch <a href=\"http:\/\/www.svamberk.cz\/?p=251\" target=\"_blank\" rel=\"noreferrer noopener\">ho\u0159ick\u00fdch housek<\/a>. Velmi obl\u00edben\u00e9 jsou na\u0161e veky a za zm\u00ednku jist\u011b stoj\u00ed i <a href=\"http:\/\/www.svamberk.cz\/?p=281\" target=\"_blank\" rel=\"noreferrer noopener\">lu\u0161t\u011bninov\u00e1 bageta<\/a> a obl\u00edben\u00e9 <a href=\"http:\/\/www.svamberk.cz\/?p=362\">kostky <\/a><a href=\"http:\/\/www.svamberk.cz\/?p=362\" target=\"_blank\" rel=\"noreferrer noopener\">carrot<\/a>.<\/p>\n\n\n\n<p>Na dom\u00e1c\u00ed oslavu doporu\u010dujeme v\u00edcezrnnou <a href=\"http:\/\/www.svamberk.cz\/?p=283\" target=\"_blank\" rel=\"noreferrer noopener\">cere\u00e1ln\u00ed bagetu<\/a> \u010di <a href=\"https:\/\/www.svamberk.cz\/?p=366\" target=\"_blank\" rel=\"noreferrer noopener\">chia bagetu<\/a>. Pochutn\u00e1te si ur\u010dit\u011b na <a href=\"http:\/\/www.svamberk.cz\/?p=285\" target=\"_blank\" rel=\"noreferrer noopener\">selsk\u00e9m rohl\u00edku<\/a>, <a href=\"https:\/\/www.svamberk.cz\/?p=370\" target=\"_blank\" rel=\"noreferrer noopener\">cere\u00e1ln\u00ed housce<\/a> \u010di <a href=\"https:\/\/www.svamberk.cz\/?p=372\" target=\"_blank\" rel=\"noreferrer noopener\">uhl\u00ed\u0159sk\u00e9 baget\u011b<\/a>.<\/p>\n\n\n\n<p>Nejobl\u00edben\u011bj\u0161\u00edm produktem jemn\u00e9ho pe\u010diva jsou na\u0161e <a href=\"http:\/\/www.svamberk.cz\/?p=344\" target=\"_blank\" rel=\"noreferrer noopener\">sv\u00e1te\u010dn\u00ed kol\u00e1\u010dky<\/a>. Pe\u010deme je na objedn\u00e1vku na svatby \u010di r\u016fzn\u00e9 oslavy a spole\u010densk\u00e9 ud\u00e1losti. <br><a href=\"http:\/\/www.svamberk.cz\/?p=338\" target=\"_blank\" rel=\"noreferrer noopener\">Kol\u00e1\u010de <\/a>d\u011bl\u00e1me p\u0159ev\u00e1\u017en\u011b <a href=\"http:\/\/www.svamberk.cz\/?p=338\" target=\"_blank\" rel=\"noreferrer noopener\">v\u00e1zan\u00e9<\/a>, d\u00e9le vydr\u017e\u00ed a pokud je hned nesn\u00edte, v\u011b\u0159te, \u017ee druh\u00fd den jsou je\u0161t\u011b lep\u0161\u00ed, n\u00e1pl\u0148 se kr\u00e1sn\u011b spoj\u00ed s t\u011bstem. Vynikaj\u00edc\u00ed jsou <a href=\"http:\/\/www.svamberk.cz\/?p=300\" target=\"_blank\" rel=\"noreferrer noopener\">kol\u00e1\u010de v\u011btrn\u00edk<\/a> se \u010dtvero n\u00e1pln\u00ed, <a href=\"https:\/\/www.svamberk.cz\/?p=380\" target=\"_blank\" rel=\"noreferrer noopener\">sl\u00edv\u00e1\u010dek <\/a>se \u0161vestkou uvnit\u0159 \u010di <a href=\"https:\/\/www.svamberk.cz\/?p=378\">dvojcti<\/a><a href=\"https:\/\/www.svamberk.cz\/?p=378\" target=\"_blank\" rel=\"noreferrer noopener\">h<\/a><a href=\"https:\/\/www.svamberk.cz\/?p=378\">odn\u00fd kol\u00e1\u010d<\/a>. Nezapome\u0148te tak\u00e9 ochutnat krajovou specialitu &#8211; <a href=\"https:\/\/www.svamberk.cz\/?p=375\" target=\"_blank\" rel=\"noreferrer noopener\">peciv\u00e1lky<\/a>.  <br><a href=\"https:\/\/www.svamberk.cz\/?p=383\" target=\"_blank\" rel=\"noreferrer noopener\">\u0160tr\u016fdl<\/a> d\u011bl\u00e1me podle receptu na\u0161\u00ed babi\u010dky a zaznamenali jsme st\u00ed\u017enosti n\u011bkter\u00fdch \u017een &#8211; jejich mu\u017ei pot\u00e9, co ochutnali <a href=\"https:\/\/www.svamberk.cz\/?p=383\" target=\"_blank\" rel=\"noreferrer noopener\">\u0161tr\u016fdl<\/a> od n\u00e1s, u\u017e jin\u00fd necht\u011bj\u00ed&#8230; Pochopiteln\u011b nemohou chyb\u011bt <a href=\"http:\/\/www.svamberk.cz\/?p=350\" target=\"_blank\" rel=\"noreferrer noopener\">v\u00e1no\u010dky <\/a>\u010di <a href=\"http:\/\/www.svamberk.cz\/?p=348\" target=\"_blank\" rel=\"noreferrer noopener\">mazance <\/a>a sez\u00f3nn\u011b t\u0159eba <a href=\"https:\/\/www.svamberk.cz\/?p=385\" target=\"_blank\" rel=\"noreferrer noopener\">jid\u00e1\u0161e<\/a>.<\/p>\n\n\n\n<p><a href=\"http:\/\/www.svamberk.cz\/?p=287\" target=\"_blank\" rel=\"noreferrer noopener\">Kobl\u00ed\u017eky <\/a>sma\u017e\u00edme na tom nejlep\u0161\u00edm oleji a pln\u00edme meru\u0148kovou n\u00e1pln\u00ed. Na\u0161\u00ed specialitou jsou <a href=\"http:\/\/www.svamberk.cz\/?p=298\" target=\"_blank\" rel=\"noreferrer noopener\">koblihy s makovou n\u00e1pln\u00ed<\/a>.<\/p>\n","protected":false},"excerpt":{"rendered":"<p>Pe\u010deme pro v\u00e1s pe\u010divo nejvy\u0161\u0161\u00ed kvality. Pou\u017e\u00edv\u00e1me stroje, ale st\u00e1le z\u016fst\u00e1v\u00e1 velk\u00fd pod\u00edl poctiv\u00e9 \u0159emesln\u00e9 pr\u00e1ce. Na\u0161e pe\u010divo je v\u017edy \u010derstv\u011b upe\u010den\u00e9. Na\u0161e motto je: Ostatn\u00ed rozmrazuj\u00ed, my pe\u010deme! Pe\u010deme osm druh\u016f chleba. Ve v\u011bt\u0161in\u011b z nich je obsa\u017eena \u017eitn\u00e1 mouka. Chl\u00e9b je d\u00edky tomu vl\u00e1\u010dn\u011bj\u0161\u00ed a d\u00e9le vydr\u017e\u00ed. Pokud si koup\u00edte n\u00e1\u0161 \u017eitn\u00fd chl\u00e9b, &hellip; <\/p>\n<p class=\"link-more\"><a href=\"http:\/\/www.svamberk.cz\/?page_id=2\" class=\"more-link\">Pokra\u010dovat ve \u010dten\u00ed<span class=\"screen-reader-text\"> &#8222;Pek\u00e1rna&#8220;<\/span><\/a><\/p>\n","protected":false},"author":1,"featured_media":165,"parent":0,"menu_order":0,"comment_status":"closed","ping_status":"open","template":"","meta":{"footnotes":""},"class_list":["post-2","page","type-page","status-publish","has-post-thumbnail","hentry"],"_links":{"self":[{"href":"http:\/\/www.svamberk.cz\/index.php?rest_route=\/wp\/v2\/pages\/2","targetHints":{"allow":["GET"]}}],"collection":[{"href":"http:\/\/www.svamberk.cz\/index.php?rest_route=\/wp\/v2\/pages"}],"about":[{"href":"http:\/\/www.svamberk.cz\/index.php?rest_route=\/wp\/v2\/types\/page"}],"author":[{"embeddable":true,"href":"http:\/\/www.svamberk.cz\/index.php?rest_route=\/wp\/v2\/users\/1"}],"replies":[{"embeddable":true,"href":"http:\/\/www.svamberk.cz\/index.php?rest_route=%2Fwp%2Fv2%2Fcomments&post=2"}],"version-history":[{"count":12,"href":"http:\/\/www.svamberk.cz\/index.php?rest_route=\/wp\/v2\/pages\/2\/revisions"}],"predecessor-version":[{"id":388,"href":"http:\/\/www.svamberk.cz\/index.php?rest_route=\/wp\/v2\/pages\/2\/revisions\/388"}],"wp:featuredmedia":[{"embeddable":true,"href":"http:\/\/www.svamberk.cz\/index.php?rest_route=\/wp\/v2\/media\/165"}],"wp:attachment":[{"href":"http:\/\/www.svamberk.cz\/index.php?rest_route=%2Fwp%2Fv2%2Fmedia&parent=2"}],"curies":[{"name":"wp","href":"https:\/\/api.w.org\/{rel}","templated":true}]}}