{"id":14,"date":"2023-11-24T08:26:20","date_gmt":"2023-11-24T07:26:20","guid":{"rendered":"http:\/\/www.svamberk.cz\/?page_id=14"},"modified":"2024-11-24T20:26:43","modified_gmt":"2024-11-24T19:26:43","slug":"domu","status":"publish","type":"page","link":"http:\/\/www.svamberk.cz\/","title":{"rendered":"Prodejna potravin"},"content":{"rendered":"\n<p>Jsme \u0161irokosortimentn\u00ed maloobchodn\u00ed prodejna potravin s d\u016frazem na \u010derstv\u00e9 potraviny, zejm\u00e9na ml\u00e9\u010dn\u00e9 v\u00fdrobky, pe\u010divo a lah\u016fdky. <\/p>\n\n\n\n<p>Provozujeme vlastn\u00ed malou pek\u00e1rnu s pe\u010divem, kter\u00e9 si z\u00edskalo sv\u00e9 z\u00e1kazn\u00edky i daleko za hranicemi na\u0161eho regionu Podkrkono\u0161\u00ed. Na\u0161e motto je: &#8222;Ostatn\u00ed rozmrazuj\u00ed &#8211; my pe\u010deme!&#8220;<\/p>\n\n\n\n<p>Od \u010dervence 2024 jsme roz\u0161\u00ed\u0159ili na\u0161e slu\u017eby o <strong><a href=\"https:\/\/www.svamberk.cz\/?page_id=441\">bezobslu\u017en\u00fd provoz 24\/7<\/a><\/strong>. M\u016f\u017eete si tedy u n\u00e1s nakoupit i mimo na\u0161i b\u011b\u017enou otev\u00edrac\u00ed dobu.<\/p>\n\n\n\n<p>V\u00a0centru m\u011bsta nab\u00edz\u00edme na\u0161im z\u00e1kazn\u00edk\u016fm i souvisej\u00edc\u00ed nadstandardn\u00ed slu\u017eby jako je vynikaj\u00edc\u00ed k\u00e1va s\u00a0sebou, SAZKA termin\u00e1l, mo\u017enost v\u00fdm\u011bny PB lahv\u00ed, v\u00edce jak 100 r\u016fzn\u00fdch sortimentn\u00edch polo\u017eek piva, bohatou nab\u00eddku speci\u00e1ln\u00edch potravin (bezlepkov\u00e9, sn\u00ed\u017een\u00fd obsah cukru apod.) \u010di t\u0159eba mo\u017enost si k n\u00e1m zaslat (nebo od n\u00e1s odeslat) bal\u00ed\u010dek se slu\u017ebou UPS \u010di One by Allegro (d\u0159\u00edve WE|DO).<br>Sna\u017e\u00edme se nab\u00edzet co nej\u0161ir\u0161\u00ed v\u00fdb\u011br a uspokojit tak maximum z\u00e1kazn\u00edk\u016f, celkov\u011b m\u00e1me na stavu zhruba 15 tis sortimentn\u00edch polo\u017eek.<\/p>\n\n\n\n<p>M\u00e1te-li z\u00e1jem o objedn\u00e1n\u00ed ob\u010derstven\u00ed pro raut, \u0161kolen\u00ed \u010di podobnou p\u0159\u00edle\u017eitost, nev\u00e1hejte n\u00e1s kontaktovat n\u00ed\u017ee prost\u0159ednictv\u00edm formul\u00e1\u0159e. R\u00e1di V\u00e1m t\u00e9\u017e nape\u010deme na svatbu, rodinnou \u010di jinou oslavu. <\/p>\n\n\n\n<p>Jsme \u010dlenem maloobchodn\u00ed s\u00edt\u011b Esomarket, kter\u00e1 sdru\u017euje p\u0159es 300 nez\u00e1visl\u00fdch maloobchodn\u00edk\u016f v \u010cR. D\u00edky kumulativn\u00edmu ro\u010dn\u00edmu obratu p\u0159es miliardu K\u010d se n\u00e1m da\u0159\u00ed dos\u00e1hnout na slu\u0161n\u00e9 n\u00e1kupn\u00ed ceny a p\u0159in\u00e1\u0161\u00edme d\u00edky tomu z\u00e1kazn\u00edk\u016fm konkurenceschopn\u00e9 prodejn\u00ed ceny. V b\u011b\u017en\u00fdch prodejn\u00edch cen\u00e1ch jsme \u010dasto dokonce zaj\u00edmav\u011bj\u0161\u00ed ne\u017e nadn\u00e1rodn\u00ed konkurence.<\/p>\n\n\n\n<p><\/p>\n","protected":false},"excerpt":{"rendered":"<p>Jsme \u0161irokosortimentn\u00ed maloobchodn\u00ed prodejna potravin s d\u016frazem na \u010derstv\u00e9 potraviny, zejm\u00e9na ml\u00e9\u010dn\u00e9 v\u00fdrobky, pe\u010divo a lah\u016fdky. Provozujeme vlastn\u00ed malou pek\u00e1rnu s pe\u010divem, kter\u00e9 si z\u00edskalo sv\u00e9 z\u00e1kazn\u00edky i daleko za hranicemi na\u0161eho regionu Podkrkono\u0161\u00ed. Na\u0161e motto je: &#8222;Ostatn\u00ed rozmrazuj\u00ed &#8211; my pe\u010deme!&#8220; Od \u010dervence 2024 jsme roz\u0161\u00ed\u0159ili na\u0161e slu\u017eby o bezobslu\u017en\u00fd provoz 24\/7. M\u016f\u017eete si &hellip; <\/p>\n<p class=\"link-more\"><a href=\"http:\/\/www.svamberk.cz\/\" class=\"more-link\">Pokra\u010dovat ve \u010dten\u00ed<span class=\"screen-reader-text\"> &#8222;Prodejna potravin&#8220;<\/span><\/a><\/p>\n","protected":false},"author":1,"featured_media":308,"parent":0,"menu_order":0,"comment_status":"closed","ping_status":"closed","template":"","meta":{"footnotes":""},"class_list":["post-14","page","type-page","status-publish","has-post-thumbnail","hentry"],"_links":{"self":[{"href":"http:\/\/www.svamberk.cz\/index.php?rest_route=\/wp\/v2\/pages\/14","targetHints":{"allow":["GET"]}}],"collection":[{"href":"http:\/\/www.svamberk.cz\/index.php?rest_route=\/wp\/v2\/pages"}],"about":[{"href":"http:\/\/www.svamberk.cz\/index.php?rest_route=\/wp\/v2\/types\/page"}],"author":[{"embeddable":true,"href":"http:\/\/www.svamberk.cz\/index.php?rest_route=\/wp\/v2\/users\/1"}],"replies":[{"embeddable":true,"href":"http:\/\/www.svamberk.cz\/index.php?rest_route=%2Fwp%2Fv2%2Fcomments&post=14"}],"version-history":[{"count":13,"href":"http:\/\/www.svamberk.cz\/index.php?rest_route=\/wp\/v2\/pages\/14\/revisions"}],"predecessor-version":[{"id":457,"href":"http:\/\/www.svamberk.cz\/index.php?rest_route=\/wp\/v2\/pages\/14\/revisions\/457"}],"wp:featuredmedia":[{"embeddable":true,"href":"http:\/\/www.svamberk.cz\/index.php?rest_route=\/wp\/v2\/media\/308"}],"wp:attachment":[{"href":"http:\/\/www.svamberk.cz\/index.php?rest_route=%2Fwp%2Fv2%2Fmedia&parent=14"}],"curies":[{"name":"wp","href":"https:\/\/api.w.org\/{rel}","templated":true}]}}